{"id":28696,"date":"2022-09-27T15:02:51","date_gmt":"2022-09-27T13:02:51","guid":{"rendered":"https:\/\/naturzentrum-thurauen.ch\/?page_id=28696"},"modified":"2022-10-11T11:27:54","modified_gmt":"2022-10-11T09:27:54","slug":"soutien","status":"publish","type":"page","link":"https:\/\/naturzentrum-thurauen.ch\/fr\/soutien\/","title":{"rendered":"Soutien"},"content":{"rendered":"\t\t<div data-elementor-type=\"wp-page\" data-elementor-id=\"28696\" class=\"elementor elementor-28696 elementor-399\" data-elementor-post-type=\"page\">\n\t\t\t\t\t\t<section class=\"elementor-section elementor-top-section elementor-element elementor-element-c3f7664 elementor-section-stretched elementor-section-height-min-height elementor-section-boxed elementor-section-height-default elementor-section-items-middle\" data-id=\"c3f7664\" data-element_type=\"section\" data-e-type=\"section\" data-settings=\"{&quot;stretch_section&quot;:&quot;section-stretched&quot;,&quot;background_background&quot;:&quot;classic&quot;}\">\n\t\t\t\t\t\t<div class=\"elementor-container elementor-column-gap-no\">\n\t\t\t\t\t<div class=\"elementor-column elementor-col-50 elementor-top-column elementor-element elementor-element-382336e\" data-id=\"382336e\" data-element_type=\"column\" data-e-type=\"column\">\n\t\t\t<div class=\"elementor-widget-wrap elementor-element-populated\">\n\t\t\t\t\t\t<div class=\"elementor-element elementor-element-de72b91 elementor-hidden-desktop elementor-hidden-laptop elementor-hidden-tablet elementor-widget elementor-widget-image\" data-id=\"de72b91\" data-element_type=\"widget\" data-e-type=\"widget\" data-widget_type=\"image.default\">\n\t\t\t\t<div class=\"elementor-widget-container\">\n\t\t\t\t\t\t\t\t\t\t\t\t\t\t\t<img fetchpriority=\"high\" decoding=\"async\" width=\"768\" height=\"512\" src=\"https:\/\/naturzentrum-thurauen.ch\/wp-content\/uploads\/sites\/3\/2021\/12\/Titelbild_Eisvogel_Taina_Lars_Kopp_quer_BEARB-768x512.jpg\" class=\"attachment-medium_large size-medium_large wp-image-27296\" alt=\"\" srcset=\"https:\/\/naturzentrum-thurauen.ch\/wp-content\/uploads\/sites\/3\/2021\/12\/Titelbild_Eisvogel_Taina_Lars_Kopp_quer_BEARB-768x512.jpg 768w, https:\/\/naturzentrum-thurauen.ch\/wp-content\/uploads\/sites\/3\/2021\/12\/Titelbild_Eisvogel_Taina_Lars_Kopp_quer_BEARB-300x200.jpg 300w, https:\/\/naturzentrum-thurauen.ch\/wp-content\/uploads\/sites\/3\/2021\/12\/Titelbild_Eisvogel_Taina_Lars_Kopp_quer_BEARB-1024x683.jpg 1024w, https:\/\/naturzentrum-thurauen.ch\/wp-content\/uploads\/sites\/3\/2021\/12\/Titelbild_Eisvogel_Taina_Lars_Kopp_quer_BEARB-391x260.jpg 391w, https:\/\/naturzentrum-thurauen.ch\/wp-content\/uploads\/sites\/3\/2021\/12\/Titelbild_Eisvogel_Taina_Lars_Kopp_quer_BEARB.jpg 1200w\" sizes=\"(max-width: 768px) 100vw, 768px\" \/>\t\t\t\t\t\t\t\t\t\t\t\t\t\t\t<\/div>\n\t\t\t\t<\/div>\n\t\t\t\t\t<\/div>\n\t\t<\/div>\n\t\t\t\t<div class=\"elementor-column elementor-col-50 elementor-top-column elementor-element elementor-element-32772e9\" data-id=\"32772e9\" data-element_type=\"column\" data-e-type=\"column\">\n\t\t\t<div class=\"elementor-widget-wrap elementor-element-populated\">\n\t\t\t\t\t\t<section class=\"elementor-section elementor-inner-section elementor-element elementor-element-df0cf39 elementor-section-boxed elementor-section-height-default elementor-section-height-default\" data-id=\"df0cf39\" data-element_type=\"section\" data-e-type=\"section\" data-settings=\"{&quot;background_background&quot;:&quot;classic&quot;,&quot;motion_fx_motion_fx_scrolling&quot;:&quot;yes&quot;,&quot;motion_fx_devices&quot;:[&quot;desktop&quot;,&quot;laptop&quot;,&quot;tablet&quot;,&quot;mobile&quot;]}\">\n\t\t\t\t\t\t<div class=\"elementor-container elementor-column-gap-no\">\n\t\t\t\t\t<div class=\"elementor-column elementor-col-100 elementor-inner-column elementor-element elementor-element-239a217\" data-id=\"239a217\" data-element_type=\"column\" data-e-type=\"column\">\n\t\t\t<div class=\"elementor-widget-wrap elementor-element-populated\">\n\t\t\t\t\t\t<div class=\"elementor-element elementor-element-b0c0a08 elementor-widget elementor-widget-heading\" data-id=\"b0c0a08\" data-element_type=\"widget\" data-e-type=\"widget\" data-widget_type=\"heading.default\">\n\t\t\t\t<div class=\"elementor-widget-container\">\n\t\t\t\t\t<h1 class=\"elementor-heading-title elementor-size-default\">Mon don<\/h1>\t\t\t\t<\/div>\n\t\t\t\t<\/div>\n\t\t\t\t<div class=\"elementor-element elementor-element-a58d914 elementor-widget elementor-widget-text-editor\" data-id=\"a58d914\" data-element_type=\"widget\" data-e-type=\"widget\" data-widget_type=\"text-editor.default\">\n\t\t\t\t<div class=\"elementor-widget-container\">\n\t\t\t\t\t\t\t\t\t<p>Avec votre soutien, nous pouvons nous engager \u00e0 long terme pour les habitats et les esp\u00e8ces menac\u00e9s et l\u2019\u00e9ducation \u00e0 l\u2019environnement.<\/p>\t\t\t\t\t\t\t\t<\/div>\n\t\t\t\t<\/div>\n\t\t\t\t<div class=\"elementor-element elementor-element-3d0204a elementor-widget__width-auto elementor-widget elementor-widget-button\" data-id=\"3d0204a\" data-element_type=\"widget\" data-e-type=\"widget\" data-widget_type=\"button.default\">\n\t\t\t\t<div class=\"elementor-widget-container\">\n\t\t\t\t\t\t\t\t\t<div class=\"elementor-button-wrapper\">\n\t\t\t\t\t<a class=\"elementor-button elementor-button-link elementor-size-sm\" href=\"\/fr\/dons?rnw-purpose=p2&#038;rnw-amount=50\">\n\t\t\t\t\t\t<span class=\"elementor-button-content-wrapper\">\n\t\t\t\t\t\t\t\t\t<span class=\"elementor-button-text\">CHF 50.\u2013<\/span>\n\t\t\t\t\t<\/span>\n\t\t\t\t\t<\/a>\n\t\t\t\t<\/div>\n\t\t\t\t\t\t\t\t<\/div>\n\t\t\t\t<\/div>\n\t\t\t\t<div class=\"elementor-element elementor-element-428eede elementor-widget__width-auto elementor-widget elementor-widget-button\" data-id=\"428eede\" data-element_type=\"widget\" data-e-type=\"widget\" data-widget_type=\"button.default\">\n\t\t\t\t<div class=\"elementor-widget-container\">\n\t\t\t\t\t\t\t\t\t<div class=\"elementor-button-wrapper\">\n\t\t\t\t\t<a class=\"elementor-button elementor-button-link elementor-size-sm\" href=\"\/fr\/dons?rnw-purpose=p2&#038;rnw-amount=80\">\n\t\t\t\t\t\t<span class=\"elementor-button-content-wrapper\">\n\t\t\t\t\t\t\t\t\t<span class=\"elementor-button-text\">CHF 80.\u2013<\/span>\n\t\t\t\t\t<\/span>\n\t\t\t\t\t<\/a>\n\t\t\t\t<\/div>\n\t\t\t\t\t\t\t\t<\/div>\n\t\t\t\t<\/div>\n\t\t\t\t<div class=\"elementor-element elementor-element-a9cdc51 elementor-widget__width-auto elementor-widget elementor-widget-button\" data-id=\"a9cdc51\" data-element_type=\"widget\" data-e-type=\"widget\" data-widget_type=\"button.default\">\n\t\t\t\t<div class=\"elementor-widget-container\">\n\t\t\t\t\t\t\t\t\t<div class=\"elementor-button-wrapper\">\n\t\t\t\t\t<a class=\"elementor-button elementor-button-link elementor-size-sm\" href=\"\/fr\/dons?rnw-purpose=p2&#038;rnw-amount=120\">\n\t\t\t\t\t\t<span class=\"elementor-button-content-wrapper\">\n\t\t\t\t\t\t\t\t\t<span class=\"elementor-button-text\">CHF 120.\u2013<\/span>\n\t\t\t\t\t<\/span>\n\t\t\t\t\t<\/a>\n\t\t\t\t<\/div>\n\t\t\t\t\t\t\t\t<\/div>\n\t\t\t\t<\/div>\n\t\t\t\t<div class=\"elementor-element elementor-element-539a7ee elementor-widget__width-auto elementor-widget elementor-widget-button\" data-id=\"539a7ee\" data-element_type=\"widget\" data-e-type=\"widget\" data-widget_type=\"button.default\">\n\t\t\t\t<div class=\"elementor-widget-container\">\n\t\t\t\t\t\t\t\t\t<div class=\"elementor-button-wrapper\">\n\t\t\t\t\t<a class=\"elementor-button elementor-button-link elementor-size-sm\" href=\"\/fr\/dons?rnw-purpose=p2&#038;rnw-amount=200\">\n\t\t\t\t\t\t<span class=\"elementor-button-content-wrapper\">\n\t\t\t\t\t\t\t\t\t<span class=\"elementor-button-text\">CHF 200.\u2013<\/span>\n\t\t\t\t\t<\/span>\n\t\t\t\t\t<\/a>\n\t\t\t\t<\/div>\n\t\t\t\t\t\t\t\t<\/div>\n\t\t\t\t<\/div>\n\t\t\t\t<div class=\"elementor-element elementor-element-fa933f2 elementor-widget__width-auto elementor-widget-laptop__width-auto elementor-widget elementor-widget-html\" data-id=\"fa933f2\" data-element_type=\"widget\" data-e-type=\"widget\" data-widget_type=\"html.default\">\n\t\t\t\t<div class=\"elementor-widget-container\">\n\t\t\t\t\t<script>\n    function sendCustomAmount() {\n        const amount = jQuery(\"#customAmountDonationInput\").val()\n        if (amount != null && amount != \"\" && !isNaN(amount) && amount > 0) {\n            window.open(\"https:\/\/naturzentrum-thurauen.ch\/fr\/dons?rnw-purpose=p2&rnw-amount=\" + amount, \"_self\");\n        }\n    }\n<\/script>\n\n<div class=\"customDonation\">\n<div #customAmountDonationButton class=\"donationButton\" >\n    <span>Montant individuel CHF<\/span>\n    <input id=\"customAmountDonationInput\" size=\"7\" style=\"\"\/>\n    <span><\/span>\n    <button onclick=\"sendCustomAmount()\"><img decoding=\"async\" src=\"\/wp-content\/uploads\/sites\/3\/2021\/11\/arrow-right_white.svg\"><\/button>\n<\/div>\n<\/div>\t\t\t\t<\/div>\n\t\t\t\t<\/div>\n\t\t\t\t\t<\/div>\n\t\t<\/div>\n\t\t\t\t\t<\/div>\n\t\t<\/section>\n\t\t\t\t\t<\/div>\n\t\t<\/div>\n\t\t\t\t\t<\/div>\n\t\t<\/section>\n\t\t\t\t<section class=\"elementor-section elementor-top-section elementor-element elementor-element-32c6a708 elementor-section-boxed elementor-section-height-default elementor-section-height-default\" data-id=\"32c6a708\" data-element_type=\"section\" data-e-type=\"section\">\n\t\t\t\t\t\t<div class=\"elementor-container elementor-column-gap-no\">\n\t\t\t\t\t<div class=\"elementor-column elementor-col-20 elementor-top-column elementor-element elementor-element-51d2bd31\" data-id=\"51d2bd31\" data-element_type=\"column\" data-e-type=\"column\">\n\t\t\t<div class=\"elementor-widget-wrap elementor-element-populated\">\n\t\t\t\t\t\t<div class=\"elementor-element elementor-element-6df270f8 elementor-widget elementor-widget-image\" data-id=\"6df270f8\" data-element_type=\"widget\" data-e-type=\"widget\" data-widget_type=\"image.default\">\n\t\t\t\t<div class=\"elementor-widget-container\">\n\t\t\t\t\t\t\t\t\t\t\t\t\t\t\t\t<a href=\"https:\/\/naturzentrum-thurauen.ch\/fr\/affiliation\/\">\n\t\t\t\t\t\t\t<img decoding=\"async\" width=\"768\" height=\"1024\" src=\"https:\/\/naturzentrum-thurauen.ch\/wp-content\/uploads\/sites\/3\/2021\/12\/Header_TAZ_Mitgliedschaft_32.5_hoch_BEARB-768x1024.jpg\" class=\"attachment-medium_large size-medium_large wp-image-27294\" alt=\"\" srcset=\"https:\/\/naturzentrum-thurauen.ch\/wp-content\/uploads\/sites\/3\/2021\/12\/Header_TAZ_Mitgliedschaft_32.5_hoch_BEARB-768x1024.jpg 768w, https:\/\/naturzentrum-thurauen.ch\/wp-content\/uploads\/sites\/3\/2021\/12\/Header_TAZ_Mitgliedschaft_32.5_hoch_BEARB-225x300.jpg 225w, https:\/\/naturzentrum-thurauen.ch\/wp-content\/uploads\/sites\/3\/2021\/12\/Header_TAZ_Mitgliedschaft_32.5_hoch_BEARB-300x400.jpg 300w, https:\/\/naturzentrum-thurauen.ch\/wp-content\/uploads\/sites\/3\/2021\/12\/Header_TAZ_Mitgliedschaft_32.5_hoch_BEARB-1152x1536.jpg 1152w, https:\/\/naturzentrum-thurauen.ch\/wp-content\/uploads\/sites\/3\/2021\/12\/Header_TAZ_Mitgliedschaft_32.5_hoch_BEARB-1536x2048.jpg 1536w, https:\/\/naturzentrum-thurauen.ch\/wp-content\/uploads\/sites\/3\/2021\/12\/Header_TAZ_Mitgliedschaft_32.5_hoch_BEARB.jpg 1600w\" sizes=\"(max-width: 768px) 100vw, 768px\" \/>\t\t\t\t\t\t\t\t<\/a>\n\t\t\t\t\t\t\t\t\t\t\t\t\t\t\t<\/div>\n\t\t\t\t<\/div>\n\t\t\t\t\t<\/div>\n\t\t<\/div>\n\t\t\t\t<div class=\"elementor-column elementor-col-20 elementor-top-column elementor-element elementor-element-6f104f0e\" data-id=\"6f104f0e\" data-element_type=\"column\" data-e-type=\"column\" data-settings=\"{&quot;background_background&quot;:&quot;classic&quot;}\">\n\t\t\t<div class=\"elementor-widget-wrap elementor-element-populated\">\n\t\t\t\t\t\t<div class=\"elementor-element elementor-element-3835ba83 elementor-widget elementor-widget-heading\" data-id=\"3835ba83\" data-element_type=\"widget\" data-e-type=\"widget\" data-widget_type=\"heading.default\">\n\t\t\t\t<div class=\"elementor-widget-container\">\n\t\t\t\t\t<div class=\"elementor-heading-title elementor-size-default\">Affiliation <\/div>\t\t\t\t<\/div>\n\t\t\t\t<\/div>\n\t\t\t\t<div class=\"elementor-element elementor-element-5c3f73c elementor-widget elementor-widget-heading\" data-id=\"5c3f73c\" data-element_type=\"widget\" data-e-type=\"widget\" data-widget_type=\"heading.default\">\n\t\t\t\t<div class=\"elementor-widget-container\">\n\t\t\t\t\t<h3 class=\"elementor-heading-title elementor-size-default\"><a href=\"https:\/\/naturzentrum-thurauen.ch\/fr\/affiliation\/\">Devenez membre du centre nature<\/a><\/h3>\t\t\t\t<\/div>\n\t\t\t\t<\/div>\n\t\t\t\t<div class=\"elementor-element elementor-element-2052522 elementor-widget elementor-widget-text-editor\" data-id=\"2052522\" data-element_type=\"widget\" data-e-type=\"widget\" data-widget_type=\"text-editor.default\">\n\t\t\t\t<div class=\"elementor-widget-container\">\n\t\t\t\t\t\t\t\t\t<p>Vous b\u00e9n\u00e9ficiez d\u2019avantages exclusifs<\/p>\t\t\t\t\t\t\t\t<\/div>\n\t\t\t\t<\/div>\n\t\t\t\t<div class=\"elementor-element elementor-element-44f4c9a6 elementor-view-default elementor-widget elementor-widget-icon\" data-id=\"44f4c9a6\" data-element_type=\"widget\" data-e-type=\"widget\" data-widget_type=\"icon.default\">\n\t\t\t\t<div class=\"elementor-widget-container\">\n\t\t\t\t\t\t\t<div class=\"elementor-icon-wrapper\">\n\t\t\t<a class=\"elementor-icon\" href=\"https:\/\/naturzentrum-thurauen.ch\/fr\/dons-testamentaires\/\">\n\t\t\t<svg xmlns=\"http:\/\/www.w3.org\/2000\/svg\" width=\"17\" height=\"15\" viewBox=\"0 0 17 15\"><path d=\"M15,7 L15,8 L-1.2246468e-16,8 L1.2246468e-16,7 L15,7 Z M8.0007122,0.712951816 L8.7040726,1.72448051e-16 L16.2914991,7.48535201 L8.7047848,15 L8,14.2884562 L14.8661309,7.48620379 L8.0007122,0.712951816 Z\"><\/path><\/svg>\t\t\t<\/a>\n\t\t<\/div>\n\t\t\t\t\t\t<\/div>\n\t\t\t\t<\/div>\n\t\t\t\t\t<\/div>\n\t\t<\/div>\n\t\t\t\t<div class=\"elementor-column elementor-col-20 elementor-top-column elementor-element elementor-element-6ec850e1 elementor-hidden-mobile\" data-id=\"6ec850e1\" data-element_type=\"column\" data-e-type=\"column\">\n\t\t\t<div class=\"elementor-widget-wrap\">\n\t\t\t\t\t\t\t<\/div>\n\t\t<\/div>\n\t\t\t\t<div class=\"elementor-column elementor-col-20 elementor-top-column elementor-element elementor-element-340abd71\" data-id=\"340abd71\" data-element_type=\"column\" data-e-type=\"column\">\n\t\t\t<div class=\"elementor-widget-wrap elementor-element-populated\">\n\t\t\t\t\t\t<div class=\"elementor-element elementor-element-36521207 elementor-widget elementor-widget-image\" data-id=\"36521207\" data-element_type=\"widget\" data-e-type=\"widget\" data-widget_type=\"image.default\">\n\t\t\t\t<div class=\"elementor-widget-container\">\n\t\t\t\t\t\t\t\t\t\t\t\t\t\t\t\t<a href=\"https:\/\/naturzentrum-thurauen.ch\/fr\/dons-testamentaires\/\">\n\t\t\t\t\t\t\t<img decoding=\"async\" width=\"768\" height=\"1024\" src=\"https:\/\/naturzentrum-thurauen.ch\/wp-content\/uploads\/sites\/3\/2021\/12\/Header_Testamentspende_Schmetterling_Heinz-StorrerSchweizer-Familie_hoch_BEARB-768x1024.jpg\" class=\"attachment-medium_large size-medium_large wp-image-27293\" alt=\"\" srcset=\"https:\/\/naturzentrum-thurauen.ch\/wp-content\/uploads\/sites\/3\/2021\/12\/Header_Testamentspende_Schmetterling_Heinz-StorrerSchweizer-Familie_hoch_BEARB-768x1024.jpg 768w, https:\/\/naturzentrum-thurauen.ch\/wp-content\/uploads\/sites\/3\/2021\/12\/Header_Testamentspende_Schmetterling_Heinz-StorrerSchweizer-Familie_hoch_BEARB-225x300.jpg 225w, https:\/\/naturzentrum-thurauen.ch\/wp-content\/uploads\/sites\/3\/2021\/12\/Header_Testamentspende_Schmetterling_Heinz-StorrerSchweizer-Familie_hoch_BEARB-300x400.jpg 300w, https:\/\/naturzentrum-thurauen.ch\/wp-content\/uploads\/sites\/3\/2021\/12\/Header_Testamentspende_Schmetterling_Heinz-StorrerSchweizer-Familie_hoch_BEARB.jpg 1125w\" sizes=\"(max-width: 768px) 100vw, 768px\" \/>\t\t\t\t\t\t\t\t<\/a>\n\t\t\t\t\t\t\t\t\t\t\t\t\t\t\t<\/div>\n\t\t\t\t<\/div>\n\t\t\t\t\t<\/div>\n\t\t<\/div>\n\t\t\t\t<div class=\"elementor-column elementor-col-20 elementor-top-column elementor-element elementor-element-40b62b7\" data-id=\"40b62b7\" data-element_type=\"column\" data-e-type=\"column\" data-settings=\"{&quot;background_background&quot;:&quot;classic&quot;}\">\n\t\t\t<div class=\"elementor-widget-wrap elementor-element-populated\">\n\t\t\t\t\t\t<div class=\"elementor-element elementor-element-456cd95e elementor-widget elementor-widget-heading\" data-id=\"456cd95e\" data-element_type=\"widget\" data-e-type=\"widget\" data-widget_type=\"heading.default\">\n\t\t\t\t<div class=\"elementor-widget-container\">\n\t\t\t\t\t<div class=\"elementor-heading-title elementor-size-default\">Au-del\u00e0 de la vie<\/div>\t\t\t\t<\/div>\n\t\t\t\t<\/div>\n\t\t\t\t<div class=\"elementor-element elementor-element-3fdb945e elementor-widget elementor-widget-heading\" data-id=\"3fdb945e\" data-element_type=\"widget\" data-e-type=\"widget\" data-widget_type=\"heading.default\">\n\t\t\t\t<div class=\"elementor-widget-container\">\n\t\t\t\t\t<h3 class=\"elementor-heading-title elementor-size-default\"><a href=\"https:\/\/naturzentrum-thurauen.ch\/fr\/dons-testamentaires\/\">Don testamentaire<\/a><\/h3>\t\t\t\t<\/div>\n\t\t\t\t<\/div>\n\t\t\t\t<div class=\"elementor-element elementor-element-4ae53bd elementor-widget elementor-widget-text-editor\" data-id=\"4ae53bd\" data-element_type=\"widget\" data-e-type=\"widget\" data-widget_type=\"text-editor.default\">\n\t\t\t\t<div class=\"elementor-widget-container\">\n\t\t\t\t\t\t\t\t\t<p>Au-del\u00e0 de la vie\u00a0: votre don testamentaire en faveur des esp\u00e8ces menac\u00e9es et de leurs habitats\u00a0!<\/p>\t\t\t\t\t\t\t\t<\/div>\n\t\t\t\t<\/div>\n\t\t\t\t<div class=\"elementor-element elementor-element-615928ca elementor-view-default elementor-widget elementor-widget-icon\" data-id=\"615928ca\" data-element_type=\"widget\" data-e-type=\"widget\" data-widget_type=\"icon.default\">\n\t\t\t\t<div class=\"elementor-widget-container\">\n\t\t\t\t\t\t\t<div class=\"elementor-icon-wrapper\">\n\t\t\t<a class=\"elementor-icon\" href=\"https:\/\/naturzentrum-thurauen.ch\/fr\/dons-testamentaires\/\">\n\t\t\t<svg xmlns=\"http:\/\/www.w3.org\/2000\/svg\" width=\"17\" height=\"15\" viewBox=\"0 0 17 15\"><path d=\"M15,7 L15,8 L-1.2246468e-16,8 L1.2246468e-16,7 L15,7 Z M8.0007122,0.712951816 L8.7040726,1.72448051e-16 L16.2914991,7.48535201 L8.7047848,15 L8,14.2884562 L14.8661309,7.48620379 L8.0007122,0.712951816 Z\"><\/path><\/svg>\t\t\t<\/a>\n\t\t<\/div>\n\t\t\t\t\t\t<\/div>\n\t\t\t\t<\/div>\n\t\t\t\t\t<\/div>\n\t\t<\/div>\n\t\t\t\t\t<\/div>\n\t\t<\/section>\n\t\t\t\t<section class=\"elementor-section elementor-top-section elementor-element elementor-element-64ced598 elementor-section-boxed elementor-section-height-default elementor-section-height-default\" data-id=\"64ced598\" data-element_type=\"section\" data-e-type=\"section\">\n\t\t\t\t\t\t<div class=\"elementor-container elementor-column-gap-no\">\n\t\t\t\t\t<div class=\"elementor-column elementor-col-33 elementor-top-column elementor-element elementor-element-4464c8d2\" data-id=\"4464c8d2\" data-element_type=\"column\" data-e-type=\"column\">\n\t\t\t<div class=\"elementor-widget-wrap\">\n\t\t\t\t\t\t\t<\/div>\n\t\t<\/div>\n\t\t\t\t<div class=\"elementor-column elementor-col-33 elementor-top-column elementor-element elementor-element-22c3d52a\" data-id=\"22c3d52a\" data-element_type=\"column\" data-e-type=\"column\">\n\t\t\t<div class=\"elementor-widget-wrap elementor-element-populated\">\n\t\t\t\t\t\t<div class=\"elementor-element elementor-element-0854e04 elementor-widget elementor-widget-image\" data-id=\"0854e04\" data-element_type=\"widget\" data-e-type=\"widget\" data-widget_type=\"image.default\">\n\t\t\t\t<div class=\"elementor-widget-container\">\n\t\t\t\t\t\t\t\t\t\t\t\t\t\t\t<img loading=\"lazy\" decoding=\"async\" width=\"493\" height=\"201\" src=\"https:\/\/naturzentrum-thurauen.ch\/wp-content\/uploads\/sites\/3\/2022\/09\/Zewo_frz.jpg\" class=\"attachment-medium_large size-medium_large wp-image-28814\" alt=\"\" srcset=\"https:\/\/naturzentrum-thurauen.ch\/wp-content\/uploads\/sites\/3\/2022\/09\/Zewo_frz.jpg 493w, https:\/\/naturzentrum-thurauen.ch\/wp-content\/uploads\/sites\/3\/2022\/09\/Zewo_frz-300x122.jpg 300w\" sizes=\"(max-width: 493px) 100vw, 493px\" \/>\t\t\t\t\t\t\t\t\t\t\t\t\t\t\t<\/div>\n\t\t\t\t<\/div>\n\t\t\t\t\t<\/div>\n\t\t<\/div>\n\t\t\t\t<div class=\"elementor-column elementor-col-33 elementor-top-column elementor-element elementor-element-3a8e2bda\" data-id=\"3a8e2bda\" data-element_type=\"column\" data-e-type=\"column\">\n\t\t\t<div class=\"elementor-widget-wrap\">\n\t\t\t\t\t\t\t<\/div>\n\t\t<\/div>\n\t\t\t\t\t<\/div>\n\t\t<\/section>\n\t\t\t\t<\/div>\n\t\t","protected":false},"excerpt":{"rendered":"<p>Mon don Avec votre soutien, nous pouvons nous engager \u00e0 long terme pour les habitats et les esp\u00e8ces menac\u00e9s et l\u2019\u00e9ducation \u00e0 l\u2019environnement. CHF 50.\u2013 CHF 80.\u2013 CHF 120.\u2013 CHF 200.\u2013 Montant individuel CHF Affiliation Devenez membre du centre nature Vous b\u00e9n\u00e9ficiez d\u2019avantages exclusifs Au-del\u00e0 de la vie Don testamentaire Au-del\u00e0 de la vie\u00a0: votre [&hellip;]<\/p>\n","protected":false},"author":11,"featured_media":0,"parent":0,"menu_order":21,"comment_status":"closed","ping_status":"closed","template":"","meta":{"site-sidebar-layout":"no-sidebar","site-content-layout":"page-builder","ast-site-content-layout":"default","site-content-style":"default","site-sidebar-style":"default","ast-global-header-display":"","ast-banner-title-visibility":"","ast-main-header-display":"","ast-hfb-above-header-display":"","ast-hfb-below-header-display":"","ast-hfb-mobile-header-display":"","site-post-title":"","ast-breadcrumbs-content":"","ast-featured-img":"disabled","footer-sml-layout":"","ast-disable-related-posts":"","theme-transparent-header-meta":"default","adv-header-id-meta":"","stick-header-meta":"","header-above-stick-meta":"","header-main-stick-meta":"","header-below-stick-meta":"","astra-migrate-meta-layouts":"default","ast-page-background-enabled":"default","ast-page-background-meta":{"desktop":{"background-color":"var(--ast-global-color-4)","background-image":"","background-repeat":"repeat","background-position":"center center","background-size":"auto","background-attachment":"scroll","background-type":"","background-media":"","overlay-type":"","overlay-color":"","overlay-opacity":"","overlay-gradient":""},"tablet":{"background-color":"","background-image":"","background-repeat":"repeat","background-position":"center center","background-size":"auto","background-attachment":"scroll","background-type":"","background-media":"","overlay-type":"","overlay-color":"","overlay-opacity":"","overlay-gradient":""},"mobile":{"background-color":"","background-image":"","background-repeat":"repeat","background-position":"center center","background-size":"auto","background-attachment":"scroll","background-type":"","background-media":"","overlay-type":"","overlay-color":"","overlay-opacity":"","overlay-gradient":""}},"ast-content-background-meta":{"desktop":{"background-color":"var(--ast-global-color-5)","background-image":"","background-repeat":"repeat","background-position":"center center","background-size":"auto","background-attachment":"scroll","background-type":"","background-media":"","overlay-type":"","overlay-color":"","overlay-opacity":"","overlay-gradient":""},"tablet":{"background-color":"var(--ast-global-color-5)","background-image":"","background-repeat":"repeat","background-position":"center center","background-size":"auto","background-attachment":"scroll","background-type":"","background-media":"","overlay-type":"","overlay-color":"","overlay-opacity":"","overlay-gradient":""},"mobile":{"background-color":"var(--ast-global-color-5)","background-image":"","background-repeat":"repeat","background-position":"center center","background-size":"auto","background-attachment":"scroll","background-type":"","background-media":"","overlay-type":"","overlay-color":"","overlay-opacity":"","overlay-gradient":""}},"footnotes":""},"class_list":["post-28696","page","type-page","status-publish","hentry"],"_links":{"self":[{"href":"https:\/\/naturzentrum-thurauen.ch\/fr\/wp-json\/wp\/v2\/pages\/28696","targetHints":{"allow":["GET"]}}],"collection":[{"href":"https:\/\/naturzentrum-thurauen.ch\/fr\/wp-json\/wp\/v2\/pages"}],"about":[{"href":"https:\/\/naturzentrum-thurauen.ch\/fr\/wp-json\/wp\/v2\/types\/page"}],"author":[{"embeddable":true,"href":"https:\/\/naturzentrum-thurauen.ch\/fr\/wp-json\/wp\/v2\/users\/11"}],"replies":[{"embeddable":true,"href":"https:\/\/naturzentrum-thurauen.ch\/fr\/wp-json\/wp\/v2\/comments?post=28696"}],"version-history":[{"count":33,"href":"https:\/\/naturzentrum-thurauen.ch\/fr\/wp-json\/wp\/v2\/pages\/28696\/revisions"}],"predecessor-version":[{"id":30209,"href":"https:\/\/naturzentrum-thurauen.ch\/fr\/wp-json\/wp\/v2\/pages\/28696\/revisions\/30209"}],"wp:attachment":[{"href":"https:\/\/naturzentrum-thurauen.ch\/fr\/wp-json\/wp\/v2\/media?parent=28696"}],"curies":[{"name":"wp","href":"https:\/\/api.w.org\/{rel}","templated":true}]}}